{"id":9416,"date":"2024-06-11T07:29:21","date_gmt":"2024-06-11T07:29:21","guid":{"rendered":"https:\/\/vff.ee\/dev\/?page_id=9416"},"modified":"2024-08-01T12:56:11","modified_gmt":"2024-08-01T12:56:11","slug":"ookino-2024","status":"publish","type":"page","link":"https:\/\/vff.ee\/dev\/ookino-2024\/","title":{"rendered":"\u00d6\u00d6KINO 2024"},"content":{"rendered":"<div class=\"wpb-content-wrapper\"><p>[vc_row][vc_column][vc_empty_space height=&#8221;60px&#8221;][\/vc_column][\/vc_row][vc_row][vc_column width=&#8221;1\/4&#8243;][vc_custom_heading text=&#8221;Ida-Viru \u00d6\u00d6KINO tuleb taas!&#8221; font_container=&#8221;tag:h2|text_align:right&#8221; google_fonts=&#8221;font_family:Roboto%20Condensed%3A300%2C300italic%2Cregular%2Citalic%2C700%2C700italic|font_style:700%20bold%20regular%3A700%3Anormal&#8221; css=&#8221;&#8221; el_id=&#8221;suurelt&#8221;][vc_column_text css=&#8221;&#8221;]<\/p>\n<div class=\"wpb_text_column wpb_content_element \">\n<div class=\"wpb_wrapper\">\n<p style=\"text-align: right;\">Meil on suur r\u00f5\u00f5m teatada, et \u00f6\u00f6kino tuleb ka sel suvel taas Ida-Virumaa linnadesse! 15.-30.augustil ringleb \u00f6\u00f6kino Sillam\u00e4el; Narva-J\u00f5esuus; M\u00e4etagusel; Kohtla-J\u00e4rvel ja Kivi\u00f5lis.<\/p>\n<p style=\"text-align: right;\">\u00d6\u00f6kino eesm\u00e4rk on tutvustada Eesti ja Euroopa filme ning tuua filme sinna, kus aastaringset kino ei ole. Kino\u00f5htud on sel aastal pikemad kui varasemalt, nimelt n\u00e4itame igal filmi\u00f5htul kahte filmi ning soojenduseks on taas publiku r\u00f5\u00f5muks oodata filmimuusika viktoriini.<\/p>\n<p style=\"text-align: right;\"><span dir=\"ltr\">Sel aastal oleme filmiprogrammi fookusesse valinud peamiselt Eesti ja Prantsusmaa teosed, tehes kummarduse suurel ol\u00fcmpiasuvel just selle riigi filmikunstile ja kultuurile. Programmist leiab traditsiooniliselt 2023.a. parima Eesti filmi \u201eN\u00e4htamatu v\u00f5itlus\u201c ning kooliaasta sissejuhatuseks ka hoogsa noortefilmi \u201eT\u00e4htsad ninad\u201c. Vahele mahub noppeid aegumatute kirjandusteoste ekraniseeringutest nagu \u201eSalaaed\u201c ja \u201eKolm musket\u00e4ri\u201c ning iseendani taas tee leidmisest nagu \u201eParf\u00fc\u00fcmid\u201c, \u201eTeel Burgundiasse\u201c ja \u201eImede raamat\u201c. Programmist ei puudu spordis\u00f5prade jaoks dokumentaalfilm \u201eOtt T\u00e4nak, the Movie\u201c ja kunstis\u00f5prade r\u00f5\u00f5muks on valitud elulooliste sugemetega fantaasiafilm \u201eDaaaali!\u201c<\/span><\/p>\n<p style=\"text-align: right;\">Loodame v\u00e4ga, et iga\u00fcks leiab programmist endale sobiva filmi.<\/p>\n<p style=\"text-align: right;\">Kohtumisteni filmi\u00f6\u00f6s \u2013 \u00f6\u00f6s saab kino!<\/p>\n<\/div>\n<\/div>\n<p>[\/vc_column_text][\/vc_column][vc_column width=&#8221;3\/4&#8243;][vc_message message_box_style=&#8221;solid-icon&#8221; message_box_color=&#8221;orange&#8221; icon_type=&#8221;typicons&#8221; css=&#8221;&#8221; icon_typicons=&#8221;typcn typcn-weather-shower&#8221;]<\/p>\n<p style=\"text-align: center;\">NB! Palun v\u00f5ta kaasa ilmastiku jaoks sobilik riietus ja hea tuju!<br \/>\nFilmid on originaalkeeles, eesti ja vene subtiitritega.<br \/>\n<strong>Sissep\u00e4\u00e4s on tasuta.<\/strong>[\/vc_message][vc_single_image image=&#8221;9512&#8243; img_size=&#8221;full&#8221; css=&#8221;&#8221;][\/vc_column][\/vc_row]<\/p>\n<\/div>","protected":false},"excerpt":{"rendered":"<p>[vc_row][vc_column][vc_empty_space height=&#8221;60px&#8221;][\/vc_column][\/vc_row][vc_row][vc_column width=&#8221;1\/4&#8243;][vc_custom_heading text=&#8221;Ida-Viru \u00d6\u00d6KINO tuleb taas!&#8221; font_container=&#8221;tag:h2|text_align:right&#8221; google_fonts=&#8221;font_family:Roboto%20Condensed%3A300%2C300italic%2Cregular%2Citalic%2C700%2C700italic|font_style:700%20bold%20regular%3A700%3Anormal&#8221; css=&#8221;&#8221; el_id=&#8221;suurelt&#8221;][vc_column_text css=&#8221;&#8221;] Meil on suur r\u00f5\u00f5m teatada, et \u00f6\u00f6kino tuleb ka sel suvel taas Ida-Virumaa linnadesse! 15.-30.augustil ringleb \u00f6\u00f6kino Sillam\u00e4el; Narva-J\u00f5esuus; M\u00e4etagusel; Kohtla-J\u00e4rvel ja Kivi\u00f5lis. \u00d6\u00f6kino eesm\u00e4rk on tutvustada Eesti ja Euroopa filme ning tuua filme sinna, kus aastaringset kino ei ole. Kino\u00f5htud on sel [&hellip;]<\/p>\n","protected":false},"author":1,"featured_media":0,"parent":0,"menu_order":0,"comment_status":"closed","ping_status":"closed","template":"","meta":{"inline_featured_image":false,"footnotes":""},"categories":[],"tags":[],"class_list":["post-9416","page","type-page","status-publish","hentry"],"blocksy_meta":[],"yoast_head":"<!-- This site is optimized with the Yoast SEO plugin v22.8 - https:\/\/yoast.com\/wordpress\/plugins\/seo\/ -->\n<title>\u00d6\u00d6KINO 2024 - Viru Filmifond<\/title>\n<meta name=\"description\" content=\"\u00d6\u00f6kino tuleb ka sel suvel taas Ida-Virumaa linnadesse! 15.-30.augustil ringleb \u00f6\u00f6kino Sillam\u00e4el; Narva-J\u00f5esuus; M\u00e4etagusel; Kohtla-J\u00e4rvel ja Kivi\u00f5lis.\u00d6\u00f6kino eesm\u00e4rk on tutvustada Eesti ja Euroopa filme ning tuua filme sinna, kus aastaringset kino ei ole. Kino\u00f5htud on sel aastal pikemad kui varasemalt, nimelt n\u00e4itame igal filmi\u00f5htul kahte filmi ning soojenduseks on taas publiku r\u00f5\u00f5muks oodata filmimuusika viktoriini.\" \/>\n<meta name=\"robots\" content=\"index, follow, max-snippet:-1, max-image-preview:large, max-video-preview:-1\" \/>\n<link rel=\"canonical\" href=\"https:\/\/vff.ee\/dev\/ookino-2024\/\" \/>\n<meta property=\"og:locale\" content=\"en_US\" \/>\n<meta property=\"og:type\" content=\"article\" \/>\n<meta property=\"og:title\" content=\"\u00d6\u00d6KINO 2024 - Viru Filmifond\" \/>\n<meta property=\"og:description\" content=\"\u00d6\u00f6kino tuleb ka sel suvel taas Ida-Virumaa linnadesse! 15.-30.augustil ringleb \u00f6\u00f6kino Sillam\u00e4el; Narva-J\u00f5esuus; M\u00e4etagusel; Kohtla-J\u00e4rvel ja Kivi\u00f5lis.\u00d6\u00f6kino eesm\u00e4rk on tutvustada Eesti ja Euroopa filme ning tuua filme sinna, kus aastaringset kino ei ole. Kino\u00f5htud on sel aastal pikemad kui varasemalt, nimelt n\u00e4itame igal filmi\u00f5htul kahte filmi ning soojenduseks on taas publiku r\u00f5\u00f5muks oodata filmimuusika viktoriini.\" \/>\n<meta property=\"og:url\" content=\"https:\/\/vff.ee\/dev\/ookino-2024\/\" \/>\n<meta property=\"og:site_name\" content=\"Viru Filmifond\" \/>\n<meta property=\"article:modified_time\" content=\"2024-08-01T12:56:11+00:00\" \/>\n<meta name=\"twitter:card\" content=\"summary_large_image\" \/>\n<meta name=\"twitter:label1\" content=\"Est. reading time\" \/>\n\t<meta name=\"twitter:data1\" content=\"4 minutes\" \/>\n<script type=\"application\/ld+json\" class=\"yoast-schema-graph\">{\"@context\":\"https:\/\/schema.org\",\"@graph\":[{\"@type\":\"WebPage\",\"@id\":\"https:\/\/vff.ee\/dev\/ookino-2024\/\",\"url\":\"https:\/\/vff.ee\/dev\/ookino-2024\/\",\"name\":\"\u00d6\u00d6KINO 2024 - Viru Filmifond\",\"isPartOf\":{\"@id\":\"https:\/\/vff.ee\/dev\/#website\"},\"datePublished\":\"2024-06-11T07:29:21+00:00\",\"dateModified\":\"2024-08-01T12:56:11+00:00\",\"description\":\"\u00d6\u00f6kino tuleb ka sel suvel taas Ida-Virumaa linnadesse! 15.-30.augustil ringleb \u00f6\u00f6kino Sillam\u00e4el; Narva-J\u00f5esuus; M\u00e4etagusel; Kohtla-J\u00e4rvel ja Kivi\u00f5lis.\u00d6\u00f6kino eesm\u00e4rk on tutvustada Eesti ja Euroopa filme ning tuua filme sinna, kus aastaringset kino ei ole. Kino\u00f5htud on sel aastal pikemad kui varasemalt, nimelt n\u00e4itame igal filmi\u00f5htul kahte filmi ning soojenduseks on taas publiku r\u00f5\u00f5muks oodata filmimuusika viktoriini.\",\"breadcrumb\":{\"@id\":\"https:\/\/vff.ee\/dev\/ookino-2024\/#breadcrumb\"},\"inLanguage\":\"en\",\"potentialAction\":[{\"@type\":\"ReadAction\",\"target\":[\"https:\/\/vff.ee\/dev\/ookino-2024\/\"]}]},{\"@type\":\"BreadcrumbList\",\"@id\":\"https:\/\/vff.ee\/dev\/ookino-2024\/#breadcrumb\",\"itemListElement\":[{\"@type\":\"ListItem\",\"position\":1,\"name\":\"Home\",\"item\":\"https:\/\/vff.ee\/dev\/\"},{\"@type\":\"ListItem\",\"position\":2,\"name\":\"\u00d6\u00d6KINO 2024\"}]},{\"@type\":\"WebSite\",\"@id\":\"https:\/\/vff.ee\/dev\/#website\",\"url\":\"https:\/\/vff.ee\/dev\/\",\"name\":\"Viru Filmifond\",\"description\":\"Viru Film Fund\",\"publisher\":{\"@id\":\"https:\/\/vff.ee\/dev\/#organization\"},\"potentialAction\":[{\"@type\":\"SearchAction\",\"target\":{\"@type\":\"EntryPoint\",\"urlTemplate\":\"https:\/\/vff.ee\/dev\/?s={search_term_string}\"},\"query-input\":\"required name=search_term_string\"}],\"inLanguage\":\"en\"},{\"@type\":\"Organization\",\"@id\":\"https:\/\/vff.ee\/dev\/#organization\",\"name\":\"Viru filmifond\",\"url\":\"https:\/\/vff.ee\/dev\/\",\"logo\":{\"@type\":\"ImageObject\",\"inLanguage\":\"en\",\"@id\":\"https:\/\/vff.ee\/dev\/#\/schema\/logo\/image\/\",\"url\":\"https:\/\/vff.ee\/dev\/wp-content\/uploads\/2019\/03\/vff_gm_ee.svg\",\"contentUrl\":\"https:\/\/vff.ee\/dev\/wp-content\/uploads\/2019\/03\/vff_gm_ee.svg\",\"width\":1,\"height\":1,\"caption\":\"Viru filmifond\"},\"image\":{\"@id\":\"https:\/\/vff.ee\/dev\/#\/schema\/logo\/image\/\"}}]}<\/script>\n<!-- \/ Yoast SEO plugin. -->","yoast_head_json":{"title":"\u00d6\u00d6KINO 2024 - Viru Filmifond","description":"\u00d6\u00f6kino tuleb ka sel suvel taas Ida-Virumaa linnadesse! 15.-30.augustil ringleb \u00f6\u00f6kino Sillam\u00e4el; Narva-J\u00f5esuus; M\u00e4etagusel; Kohtla-J\u00e4rvel ja Kivi\u00f5lis.\u00d6\u00f6kino eesm\u00e4rk on tutvustada Eesti ja Euroopa filme ning tuua filme sinna, kus aastaringset kino ei ole. Kino\u00f5htud on sel aastal pikemad kui varasemalt, nimelt n\u00e4itame igal filmi\u00f5htul kahte filmi ning soojenduseks on taas publiku r\u00f5\u00f5muks oodata filmimuusika viktoriini.","robots":{"index":"index","follow":"follow","max-snippet":"max-snippet:-1","max-image-preview":"max-image-preview:large","max-video-preview":"max-video-preview:-1"},"canonical":"https:\/\/vff.ee\/dev\/ookino-2024\/","og_locale":"en_US","og_type":"article","og_title":"\u00d6\u00d6KINO 2024 - Viru Filmifond","og_description":"\u00d6\u00f6kino tuleb ka sel suvel taas Ida-Virumaa linnadesse! 15.-30.augustil ringleb \u00f6\u00f6kino Sillam\u00e4el; Narva-J\u00f5esuus; M\u00e4etagusel; Kohtla-J\u00e4rvel ja Kivi\u00f5lis.\u00d6\u00f6kino eesm\u00e4rk on tutvustada Eesti ja Euroopa filme ning tuua filme sinna, kus aastaringset kino ei ole. Kino\u00f5htud on sel aastal pikemad kui varasemalt, nimelt n\u00e4itame igal filmi\u00f5htul kahte filmi ning soojenduseks on taas publiku r\u00f5\u00f5muks oodata filmimuusika viktoriini.","og_url":"https:\/\/vff.ee\/dev\/ookino-2024\/","og_site_name":"Viru Filmifond","article_modified_time":"2024-08-01T12:56:11+00:00","twitter_card":"summary_large_image","twitter_misc":{"Est. reading time":"4 minutes"},"schema":{"@context":"https:\/\/schema.org","@graph":[{"@type":"WebPage","@id":"https:\/\/vff.ee\/dev\/ookino-2024\/","url":"https:\/\/vff.ee\/dev\/ookino-2024\/","name":"\u00d6\u00d6KINO 2024 - Viru Filmifond","isPartOf":{"@id":"https:\/\/vff.ee\/dev\/#website"},"datePublished":"2024-06-11T07:29:21+00:00","dateModified":"2024-08-01T12:56:11+00:00","description":"\u00d6\u00f6kino tuleb ka sel suvel taas Ida-Virumaa linnadesse! 15.-30.augustil ringleb \u00f6\u00f6kino Sillam\u00e4el; Narva-J\u00f5esuus; M\u00e4etagusel; Kohtla-J\u00e4rvel ja Kivi\u00f5lis.\u00d6\u00f6kino eesm\u00e4rk on tutvustada Eesti ja Euroopa filme ning tuua filme sinna, kus aastaringset kino ei ole. Kino\u00f5htud on sel aastal pikemad kui varasemalt, nimelt n\u00e4itame igal filmi\u00f5htul kahte filmi ning soojenduseks on taas publiku r\u00f5\u00f5muks oodata filmimuusika viktoriini.","breadcrumb":{"@id":"https:\/\/vff.ee\/dev\/ookino-2024\/#breadcrumb"},"inLanguage":"en","potentialAction":[{"@type":"ReadAction","target":["https:\/\/vff.ee\/dev\/ookino-2024\/"]}]},{"@type":"BreadcrumbList","@id":"https:\/\/vff.ee\/dev\/ookino-2024\/#breadcrumb","itemListElement":[{"@type":"ListItem","position":1,"name":"Home","item":"https:\/\/vff.ee\/dev\/"},{"@type":"ListItem","position":2,"name":"\u00d6\u00d6KINO 2024"}]},{"@type":"WebSite","@id":"https:\/\/vff.ee\/dev\/#website","url":"https:\/\/vff.ee\/dev\/","name":"Viru Filmifond","description":"Viru Film Fund","publisher":{"@id":"https:\/\/vff.ee\/dev\/#organization"},"potentialAction":[{"@type":"SearchAction","target":{"@type":"EntryPoint","urlTemplate":"https:\/\/vff.ee\/dev\/?s={search_term_string}"},"query-input":"required name=search_term_string"}],"inLanguage":"en"},{"@type":"Organization","@id":"https:\/\/vff.ee\/dev\/#organization","name":"Viru filmifond","url":"https:\/\/vff.ee\/dev\/","logo":{"@type":"ImageObject","inLanguage":"en","@id":"https:\/\/vff.ee\/dev\/#\/schema\/logo\/image\/","url":"https:\/\/vff.ee\/dev\/wp-content\/uploads\/2019\/03\/vff_gm_ee.svg","contentUrl":"https:\/\/vff.ee\/dev\/wp-content\/uploads\/2019\/03\/vff_gm_ee.svg","width":1,"height":1,"caption":"Viru filmifond"},"image":{"@id":"https:\/\/vff.ee\/dev\/#\/schema\/logo\/image\/"}}]}},"_links":{"self":[{"href":"https:\/\/vff.ee\/dev\/wp-json\/wp\/v2\/pages\/9416","targetHints":{"allow":["GET"]}}],"collection":[{"href":"https:\/\/vff.ee\/dev\/wp-json\/wp\/v2\/pages"}],"about":[{"href":"https:\/\/vff.ee\/dev\/wp-json\/wp\/v2\/types\/page"}],"author":[{"embeddable":true,"href":"https:\/\/vff.ee\/dev\/wp-json\/wp\/v2\/users\/1"}],"replies":[{"embeddable":true,"href":"https:\/\/vff.ee\/dev\/wp-json\/wp\/v2\/comments?post=9416"}],"version-history":[{"count":14,"href":"https:\/\/vff.ee\/dev\/wp-json\/wp\/v2\/pages\/9416\/revisions"}],"predecessor-version":[{"id":9521,"href":"https:\/\/vff.ee\/dev\/wp-json\/wp\/v2\/pages\/9416\/revisions\/9521"}],"wp:attachment":[{"href":"https:\/\/vff.ee\/dev\/wp-json\/wp\/v2\/media?parent=9416"}],"wp:term":[{"taxonomy":"category","embeddable":true,"href":"https:\/\/vff.ee\/dev\/wp-json\/wp\/v2\/categories?post=9416"},{"taxonomy":"post_tag","embeddable":true,"href":"https:\/\/vff.ee\/dev\/wp-json\/wp\/v2\/tags?post=9416"}],"curies":[{"name":"wp","href":"https:\/\/api.w.org\/{rel}","templated":true}]}}