{"id":5097,"date":"2022-12-14T14:13:13","date_gmt":"2022-12-14T14:13:13","guid":{"rendered":"https:\/\/vff.ee\/dev\/?page_id=5097"},"modified":"2022-12-14T15:04:36","modified_gmt":"2022-12-14T15:04:36","slug":"erik-kivisuda","status":"publish","type":"page","link":"https:\/\/vff.ee\/dev\/erik-kivisuda\/","title":{"rendered":"Erik Kivis\u00fcda"},"content":{"rendered":"<div class=\"wpb-content-wrapper\"><p>[vc_row][vc_column][vc_column_text][ps2id id=&#8217;film&#8217; target=&#8221;\/][\/vc_column_text][vc_empty_space height=&#8221;60px&#8221;][\/vc_column][\/vc_row][vc_row][vc_column width=&#8221;1\/4&#8243;][vc_custom_heading text=&#8221;Erik Kivis\u00fcda&#8221; font_container=&#8221;tag:h2|text_align:right&#8221; google_fonts=&#8221;font_family:Roboto%20Condensed%3A300%2C300italic%2Cregular%2Citalic%2C700%2C700italic|font_style:700%20bold%20regular%3A700%3Anormal&#8221; el_id=&#8221;suurelt&#8221;][vc_column_text]<\/p>\n<p class=\"p1\" style=\"text-align: right;\"><b>Tootja:<\/b> Amrion, Paul Thiltges Distributions (Luksemburg)<br \/>\n<b>Re\u017eiss\u00f6\u00f6r:<\/b> Ilmar Raag<br \/>\n<strong>V\u00f5ttekohtad:<\/strong> Toila rand<br \/>\n<b>Aasta:<\/b> 2022<br \/>\n<b>\u017danr:<\/b> Seiklusfilm, Koguperefilm, Fantaasiafilm<\/p>\n<p>[\/vc_column_text][\/vc_column][vc_column width=&#8221;3\/4&#8243;][vc_masonry_media_grid gap=&#8221;10&#8243; item=&#8221;masonryMedia_ScaleWithRotationLight&#8221; grid_id=&#8221;vc_gid:1671030252675-869ae61e-174e-10&#8243; include=&#8221;5100,5101,5102,5103,5104&#8243;][vc_video link=&#8221;https:\/\/www.youtube.com\/watch?v=UR7C3HnvDNc&#8221;][vc_column_text]<p>&nbsp;<\/p>\n<p><span style=\"color: #333333;\"><strong><a style=\"color: #333333;\" href=\"https:\/\/vff.ee\/dev\/taotle\/#toetust\">Asu taotlema<\/a><\/strong><\/span><\/p>\n[\/vc_column_text][\/vc_column][\/vc_row][vc_row][vc_column][\/vc_column][\/vc_row]<\/p>\n<\/div>","protected":false},"excerpt":{"rendered":"<p>[vc_row][vc_column][vc_column_text][ps2id id=&#8217;film&#8217; target=&#8221;\/][\/vc_column_text][vc_empty_space height=&#8221;60px&#8221;][\/vc_column][\/vc_row][vc_row][vc_column width=&#8221;1\/4&#8243;][vc_custom_heading text=&#8221;Erik Kivis\u00fcda&#8221; font_container=&#8221;tag:h2|text_align:right&#8221; google_fonts=&#8221;font_family:Roboto%20Condensed%3A300%2C300italic%2Cregular%2Citalic%2C700%2C700italic|font_style:700%20bold%20regular%3A700%3Anormal&#8221; el_id=&#8221;suurelt&#8221;][vc_column_text] Tootja: Amrion, Paul Thiltges Distributions (Luksemburg) Re\u017eiss\u00f6\u00f6r: Ilmar Raag V\u00f5ttekohtad: Toila rand Aasta: 2022 \u017danr: Seiklusfilm, Koguperefilm, Fantaasiafilm [\/vc_column_text][\/vc_column][vc_column width=&#8221;3\/4&#8243;][vc_masonry_media_grid gap=&#8221;10&#8243; item=&#8221;masonryMedia_ScaleWithRotationLight&#8221; grid_id=&#8221;vc_gid:1671030252675-869ae61e-174e-10&#8243; include=&#8221;5100,5101,5102,5103,5104&#8243;][vc_video link=&#8221;https:\/\/www.youtube.com\/watch?v=UR7C3HnvDNc&#8221;][vc_column_text][\/vc_column_text][\/vc_column][\/vc_row][vc_row][vc_column][\/vc_column][\/vc_row]<\/p>\n","protected":false},"author":1,"featured_media":0,"parent":0,"menu_order":0,"comment_status":"closed","ping_status":"closed","template":"","meta":{"inline_featured_image":false,"footnotes":""},"categories":[],"tags":[],"class_list":["post-5097","page","type-page","status-publish","hentry"],"blocksy_meta":[],"yoast_head":"<!-- This site is optimized with the Yoast SEO plugin v22.8 - https:\/\/yoast.com\/wordpress\/plugins\/seo\/ -->\n<title>Erik Kivis\u00fcda - Viru Filmifond<\/title>\n<meta name=\"robots\" content=\"index, follow, max-snippet:-1, max-image-preview:large, max-video-preview:-1\" \/>\n<link rel=\"canonical\" href=\"https:\/\/vff.ee\/dev\/erik-kivisuda\/\" \/>\n<meta property=\"og:locale\" content=\"en_US\" \/>\n<meta property=\"og:type\" content=\"article\" \/>\n<meta property=\"og:title\" content=\"Erik Kivis\u00fcda - Viru Filmifond\" \/>\n<meta property=\"og:description\" content=\"[vc_row][vc_column][vc_column_text][ps2id id=&#8217;film&#8217; target=&#8221;\/][\/vc_column_text][vc_empty_space height=&#8221;60px&#8221;][\/vc_column][\/vc_row][vc_row][vc_column width=&#8221;1\/4&#8243;][vc_custom_heading text=&#8221;Erik Kivis\u00fcda&#8221; font_container=&#8221;tag:h2|text_align:right&#8221; google_fonts=&#8221;font_family:Roboto%20Condensed%3A300%2C300italic%2Cregular%2Citalic%2C700%2C700italic|font_style:700%20bold%20regular%3A700%3Anormal&#8221; el_id=&#8221;suurelt&#8221;][vc_column_text] Tootja: Amrion, Paul Thiltges Distributions (Luksemburg) Re\u017eiss\u00f6\u00f6r: Ilmar Raag V\u00f5ttekohtad: Toila rand Aasta: 2022 \u017danr: Seiklusfilm, Koguperefilm, Fantaasiafilm [\/vc_column_text][\/vc_column][vc_column width=&#8221;3\/4&#8243;][vc_masonry_media_grid gap=&#8221;10&#8243; item=&#8221;masonryMedia_ScaleWithRotationLight&#8221; grid_id=&#8221;vc_gid:1671030252675-869ae61e-174e-10&#8243; include=&#8221;5100,5101,5102,5103,5104&#8243;][vc_video link=&#8221;https:\/\/www.youtube.com\/watch?v=UR7C3HnvDNc&#8221;][vc_column_text][\/vc_column_text][\/vc_column][\/vc_row][vc_row][vc_column][\/vc_column][\/vc_row]\" \/>\n<meta property=\"og:url\" content=\"https:\/\/vff.ee\/dev\/erik-kivisuda\/\" \/>\n<meta property=\"og:site_name\" content=\"Viru Filmifond\" \/>\n<meta property=\"article:modified_time\" content=\"2022-12-14T15:04:36+00:00\" \/>\n<meta name=\"twitter:card\" content=\"summary_large_image\" \/>\n<meta name=\"twitter:label1\" content=\"Est. reading time\" \/>\n\t<meta name=\"twitter:data1\" content=\"1 minute\" \/>\n<script type=\"application\/ld+json\" class=\"yoast-schema-graph\">{\"@context\":\"https:\/\/schema.org\",\"@graph\":[{\"@type\":\"WebPage\",\"@id\":\"https:\/\/vff.ee\/dev\/erik-kivisuda\/\",\"url\":\"https:\/\/vff.ee\/dev\/erik-kivisuda\/\",\"name\":\"Erik Kivis\u00fcda - Viru Filmifond\",\"isPartOf\":{\"@id\":\"https:\/\/vff.ee\/dev\/#website\"},\"datePublished\":\"2022-12-14T14:13:13+00:00\",\"dateModified\":\"2022-12-14T15:04:36+00:00\",\"breadcrumb\":{\"@id\":\"https:\/\/vff.ee\/dev\/erik-kivisuda\/#breadcrumb\"},\"inLanguage\":\"en\",\"potentialAction\":[{\"@type\":\"ReadAction\",\"target\":[\"https:\/\/vff.ee\/dev\/erik-kivisuda\/\"]}]},{\"@type\":\"BreadcrumbList\",\"@id\":\"https:\/\/vff.ee\/dev\/erik-kivisuda\/#breadcrumb\",\"itemListElement\":[{\"@type\":\"ListItem\",\"position\":1,\"name\":\"Home\",\"item\":\"https:\/\/vff.ee\/dev\/\"},{\"@type\":\"ListItem\",\"position\":2,\"name\":\"Erik Kivis\u00fcda\"}]},{\"@type\":\"WebSite\",\"@id\":\"https:\/\/vff.ee\/dev\/#website\",\"url\":\"https:\/\/vff.ee\/dev\/\",\"name\":\"Viru Filmifond\",\"description\":\"Viru Film Fund\",\"publisher\":{\"@id\":\"https:\/\/vff.ee\/dev\/#organization\"},\"potentialAction\":[{\"@type\":\"SearchAction\",\"target\":{\"@type\":\"EntryPoint\",\"urlTemplate\":\"https:\/\/vff.ee\/dev\/?s={search_term_string}\"},\"query-input\":\"required name=search_term_string\"}],\"inLanguage\":\"en\"},{\"@type\":\"Organization\",\"@id\":\"https:\/\/vff.ee\/dev\/#organization\",\"name\":\"Viru filmifond\",\"url\":\"https:\/\/vff.ee\/dev\/\",\"logo\":{\"@type\":\"ImageObject\",\"inLanguage\":\"en\",\"@id\":\"https:\/\/vff.ee\/dev\/#\/schema\/logo\/image\/\",\"url\":\"https:\/\/vff.ee\/dev\/wp-content\/uploads\/2019\/03\/vff_gm_ee.svg\",\"contentUrl\":\"https:\/\/vff.ee\/dev\/wp-content\/uploads\/2019\/03\/vff_gm_ee.svg\",\"width\":1,\"height\":1,\"caption\":\"Viru filmifond\"},\"image\":{\"@id\":\"https:\/\/vff.ee\/dev\/#\/schema\/logo\/image\/\"}}]}<\/script>\n<!-- \/ Yoast SEO plugin. -->","yoast_head_json":{"title":"Erik Kivis\u00fcda - Viru Filmifond","robots":{"index":"index","follow":"follow","max-snippet":"max-snippet:-1","max-image-preview":"max-image-preview:large","max-video-preview":"max-video-preview:-1"},"canonical":"https:\/\/vff.ee\/dev\/erik-kivisuda\/","og_locale":"en_US","og_type":"article","og_title":"Erik Kivis\u00fcda - Viru Filmifond","og_description":"[vc_row][vc_column][vc_column_text][ps2id id=&#8217;film&#8217; target=&#8221;\/][\/vc_column_text][vc_empty_space height=&#8221;60px&#8221;][\/vc_column][\/vc_row][vc_row][vc_column width=&#8221;1\/4&#8243;][vc_custom_heading text=&#8221;Erik Kivis\u00fcda&#8221; font_container=&#8221;tag:h2|text_align:right&#8221; google_fonts=&#8221;font_family:Roboto%20Condensed%3A300%2C300italic%2Cregular%2Citalic%2C700%2C700italic|font_style:700%20bold%20regular%3A700%3Anormal&#8221; el_id=&#8221;suurelt&#8221;][vc_column_text] Tootja: Amrion, Paul Thiltges Distributions (Luksemburg) Re\u017eiss\u00f6\u00f6r: Ilmar Raag V\u00f5ttekohtad: Toila rand Aasta: 2022 \u017danr: Seiklusfilm, Koguperefilm, Fantaasiafilm [\/vc_column_text][\/vc_column][vc_column width=&#8221;3\/4&#8243;][vc_masonry_media_grid gap=&#8221;10&#8243; item=&#8221;masonryMedia_ScaleWithRotationLight&#8221; grid_id=&#8221;vc_gid:1671030252675-869ae61e-174e-10&#8243; include=&#8221;5100,5101,5102,5103,5104&#8243;][vc_video link=&#8221;https:\/\/www.youtube.com\/watch?v=UR7C3HnvDNc&#8221;][vc_column_text][\/vc_column_text][\/vc_column][\/vc_row][vc_row][vc_column][\/vc_column][\/vc_row]","og_url":"https:\/\/vff.ee\/dev\/erik-kivisuda\/","og_site_name":"Viru Filmifond","article_modified_time":"2022-12-14T15:04:36+00:00","twitter_card":"summary_large_image","twitter_misc":{"Est. reading time":"1 minute"},"schema":{"@context":"https:\/\/schema.org","@graph":[{"@type":"WebPage","@id":"https:\/\/vff.ee\/dev\/erik-kivisuda\/","url":"https:\/\/vff.ee\/dev\/erik-kivisuda\/","name":"Erik Kivis\u00fcda - Viru Filmifond","isPartOf":{"@id":"https:\/\/vff.ee\/dev\/#website"},"datePublished":"2022-12-14T14:13:13+00:00","dateModified":"2022-12-14T15:04:36+00:00","breadcrumb":{"@id":"https:\/\/vff.ee\/dev\/erik-kivisuda\/#breadcrumb"},"inLanguage":"en","potentialAction":[{"@type":"ReadAction","target":["https:\/\/vff.ee\/dev\/erik-kivisuda\/"]}]},{"@type":"BreadcrumbList","@id":"https:\/\/vff.ee\/dev\/erik-kivisuda\/#breadcrumb","itemListElement":[{"@type":"ListItem","position":1,"name":"Home","item":"https:\/\/vff.ee\/dev\/"},{"@type":"ListItem","position":2,"name":"Erik Kivis\u00fcda"}]},{"@type":"WebSite","@id":"https:\/\/vff.ee\/dev\/#website","url":"https:\/\/vff.ee\/dev\/","name":"Viru Filmifond","description":"Viru Film Fund","publisher":{"@id":"https:\/\/vff.ee\/dev\/#organization"},"potentialAction":[{"@type":"SearchAction","target":{"@type":"EntryPoint","urlTemplate":"https:\/\/vff.ee\/dev\/?s={search_term_string}"},"query-input":"required name=search_term_string"}],"inLanguage":"en"},{"@type":"Organization","@id":"https:\/\/vff.ee\/dev\/#organization","name":"Viru filmifond","url":"https:\/\/vff.ee\/dev\/","logo":{"@type":"ImageObject","inLanguage":"en","@id":"https:\/\/vff.ee\/dev\/#\/schema\/logo\/image\/","url":"https:\/\/vff.ee\/dev\/wp-content\/uploads\/2019\/03\/vff_gm_ee.svg","contentUrl":"https:\/\/vff.ee\/dev\/wp-content\/uploads\/2019\/03\/vff_gm_ee.svg","width":1,"height":1,"caption":"Viru filmifond"},"image":{"@id":"https:\/\/vff.ee\/dev\/#\/schema\/logo\/image\/"}}]}},"_links":{"self":[{"href":"https:\/\/vff.ee\/dev\/wp-json\/wp\/v2\/pages\/5097","targetHints":{"allow":["GET"]}}],"collection":[{"href":"https:\/\/vff.ee\/dev\/wp-json\/wp\/v2\/pages"}],"about":[{"href":"https:\/\/vff.ee\/dev\/wp-json\/wp\/v2\/types\/page"}],"author":[{"embeddable":true,"href":"https:\/\/vff.ee\/dev\/wp-json\/wp\/v2\/users\/1"}],"replies":[{"embeddable":true,"href":"https:\/\/vff.ee\/dev\/wp-json\/wp\/v2\/comments?post=5097"}],"version-history":[{"count":5,"href":"https:\/\/vff.ee\/dev\/wp-json\/wp\/v2\/pages\/5097\/revisions"}],"predecessor-version":[{"id":5107,"href":"https:\/\/vff.ee\/dev\/wp-json\/wp\/v2\/pages\/5097\/revisions\/5107"}],"wp:attachment":[{"href":"https:\/\/vff.ee\/dev\/wp-json\/wp\/v2\/media?parent=5097"}],"wp:term":[{"taxonomy":"category","embeddable":true,"href":"https:\/\/vff.ee\/dev\/wp-json\/wp\/v2\/categories?post=5097"},{"taxonomy":"post_tag","embeddable":true,"href":"https:\/\/vff.ee\/dev\/wp-json\/wp\/v2\/tags?post=5097"}],"curies":[{"name":"wp","href":"https:\/\/api.w.org\/{rel}","templated":true}]}}