{"id":4193,"date":"2021-05-05T19:34:59","date_gmt":"2021-05-05T19:34:59","guid":{"rendered":"https:\/\/vff.ee\/dev\/?page_id=4193"},"modified":"2021-05-05T22:09:03","modified_gmt":"2021-05-05T22:09:03","slug":"klipid","status":"publish","type":"page","link":"https:\/\/vff.ee\/dev\/klipid\/","title":{"rendered":"Klipid"},"content":{"rendered":"<div class=\"wpb-content-wrapper\"><p>[vc_row][vc_column][vc_empty_space height=&#8221;60px&#8221;][vc_column_text][ps2id id=&#8217;idas&#8217; target=&#8221;\/][\/vc_column_text][\/vc_column][\/vc_row][vc_row][vc_column width=&#8221;1\/4&#8243;][vc_custom_heading text=&#8221;V\u00f5ttepaigad&#8221; font_container=&#8221;tag:h2|text_align:right&#8221; google_fonts=&#8221;font_family:Roboto%20Condensed%3A300%2C300italic%2Cregular%2Citalic%2C700%2C700italic|font_style:700%20bold%20regular%3A700%3Anormal&#8221; el_id=&#8221;suurelt&#8221; link=&#8221;url:https%3A%2F%2Fvff.ee%2Fkohad%2F%23idas|||&#8221;][vc_column_text]<\/p>\n<p style=\"text-align: right;\"><span style=\"font-weight: 400;\">Ida-Virumaal on filmimiseks pakkuda nii 20.sajandi t\u00f6\u00f6stusmaastikud kui puutumatud p\u00f5lismetsad ja sood, nii N\u00f5ukogude Venemaa arhitektuurip\u00e4rand kui vanad kirikud ja m\u00f5isad. Et tervelt kaks kolmandikku maakonnast on \u00fcmbritsetud veepiiriga, siis leiad siit kilomeetrite kaupa ka kiviseid, mudaseid ja liivaseid rannamaastikke. <\/span><\/p>\n<p>[\/vc_column_text][\/vc_column][vc_column width=&#8221;3\/4&#8243;][vc_row_inner][vc_column_inner][vc_video link=&#8221;https:\/\/youtu.be\/rHfL-bbyGUI&#8221;][\/vc_column_inner][\/vc_row_inner][vc_row_inner][vc_column_inner width=&#8221;1\/2&#8243;][vc_video link=&#8221;https:\/\/youtu.be\/i3iGW_1UPrE&#8221; title=&#8221;Ida-Virumaa talvel&#8221;][vc_video link=&#8221;https:\/\/youtu.be\/2OZf70nbAaU&#8221; title=&#8221;P\u00f5levkivimaa&#8221;][vc_video link=&#8221;https:\/\/youtu.be\/LcMm4JhWv8o&#8221; title=&#8221;P\u00f5hjarannik&#8221;][\/vc_column_inner][vc_column_inner width=&#8221;1\/2&#8243;][vc_video link=&#8221;https:\/\/youtu.be\/3tjr-Rkq04U&#8221; title=&#8221;Narva&#8221;][vc_video link=&#8221;https:\/\/youtu.be\/JT9_vPYLMrg&#8221; title=&#8221;Alutaguse rahvuspark&#8221;][vc_video link=&#8221;https:\/\/www.youtube.com\/watch?v=803rHgPFock&#8221; title=&#8221;Alutaguse rahvuspark talvel&#8221;][\/vc_column_inner][\/vc_row_inner][vc_column_text]<p>&nbsp;<\/p>\n<p><span style=\"color: #333333;\"><strong><a style=\"color: #333333;\" href=\"https:\/\/vff.ee\/dev\/taotle\/#toetust\">Asu taotlema<\/a><\/strong><\/span><\/p>\n[\/vc_column_text][\/vc_column][\/vc_row]<\/p>\n<\/div>","protected":false},"excerpt":{"rendered":"<p>[vc_row][vc_column][vc_empty_space height=&#8221;60px&#8221;][vc_column_text][ps2id id=&#8217;idas&#8217; target=&#8221;\/][\/vc_column_text][\/vc_column][\/vc_row][vc_row][vc_column width=&#8221;1\/4&#8243;][vc_custom_heading text=&#8221;V\u00f5ttepaigad&#8221; font_container=&#8221;tag:h2|text_align:right&#8221; google_fonts=&#8221;font_family:Roboto%20Condensed%3A300%2C300italic%2Cregular%2Citalic%2C700%2C700italic|font_style:700%20bold%20regular%3A700%3Anormal&#8221; el_id=&#8221;suurelt&#8221; link=&#8221;url:https%3A%2F%2Fvff.ee%2Fkohad%2F%23idas|||&#8221;][vc_column_text] Ida-Virumaal on filmimiseks pakkuda nii 20.sajandi t\u00f6\u00f6stusmaastikud kui puutumatud p\u00f5lismetsad ja sood, nii N\u00f5ukogude Venemaa arhitektuurip\u00e4rand kui vanad kirikud ja m\u00f5isad. Et tervelt kaks kolmandikku maakonnast on \u00fcmbritsetud veepiiriga, siis leiad siit kilomeetrite kaupa ka kiviseid, mudaseid ja liivaseid rannamaastikke. [\/vc_column_text][\/vc_column][vc_column width=&#8221;3\/4&#8243;][vc_row_inner][vc_column_inner][vc_video link=&#8221;https:\/\/youtu.be\/rHfL-bbyGUI&#8221;][\/vc_column_inner][\/vc_row_inner][vc_row_inner][vc_column_inner width=&#8221;1\/2&#8243;][vc_video link=&#8221;https:\/\/youtu.be\/i3iGW_1UPrE&#8221; [&hellip;]<\/p>\n","protected":false},"author":1,"featured_media":0,"parent":0,"menu_order":0,"comment_status":"closed","ping_status":"closed","template":"","meta":{"inline_featured_image":false,"footnotes":""},"categories":[],"tags":[],"class_list":["post-4193","page","type-page","status-publish","hentry"],"blocksy_meta":[],"yoast_head":"<!-- This site is optimized with the Yoast SEO plugin v22.8 - https:\/\/yoast.com\/wordpress\/plugins\/seo\/ -->\n<title>Klipid - Viru Filmifond<\/title>\n<meta name=\"robots\" content=\"index, follow, max-snippet:-1, max-image-preview:large, max-video-preview:-1\" \/>\n<link rel=\"canonical\" href=\"https:\/\/vff.ee\/dev\/klipid\/\" \/>\n<meta property=\"og:locale\" content=\"en_US\" \/>\n<meta property=\"og:type\" content=\"article\" \/>\n<meta property=\"og:title\" content=\"Klipid - Viru Filmifond\" \/>\n<meta property=\"og:description\" content=\"[vc_row][vc_column][vc_empty_space height=&#8221;60px&#8221;][vc_column_text][ps2id id=&#8217;idas&#8217; target=&#8221;\/][\/vc_column_text][\/vc_column][\/vc_row][vc_row][vc_column width=&#8221;1\/4&#8243;][vc_custom_heading text=&#8221;V\u00f5ttepaigad&#8221; font_container=&#8221;tag:h2|text_align:right&#8221; google_fonts=&#8221;font_family:Roboto%20Condensed%3A300%2C300italic%2Cregular%2Citalic%2C700%2C700italic|font_style:700%20bold%20regular%3A700%3Anormal&#8221; el_id=&#8221;suurelt&#8221; link=&#8221;url:https%3A%2F%2Fvff.ee%2Fkohad%2F%23idas|||&#8221;][vc_column_text] Ida-Virumaal on filmimiseks pakkuda nii 20.sajandi t\u00f6\u00f6stusmaastikud kui puutumatud p\u00f5lismetsad ja sood, nii N\u00f5ukogude Venemaa arhitektuurip\u00e4rand kui vanad kirikud ja m\u00f5isad. Et tervelt kaks kolmandikku maakonnast on \u00fcmbritsetud veepiiriga, siis leiad siit kilomeetrite kaupa ka kiviseid, mudaseid ja liivaseid rannamaastikke. [\/vc_column_text][\/vc_column][vc_column width=&#8221;3\/4&#8243;][vc_row_inner][vc_column_inner][vc_video link=&#8221;https:\/\/youtu.be\/rHfL-bbyGUI&#8221;][\/vc_column_inner][\/vc_row_inner][vc_row_inner][vc_column_inner width=&#8221;1\/2&#8243;][vc_video link=&#8221;https:\/\/youtu.be\/i3iGW_1UPrE&#8221; [&hellip;]\" \/>\n<meta property=\"og:url\" content=\"https:\/\/vff.ee\/dev\/klipid\/\" \/>\n<meta property=\"og:site_name\" content=\"Viru Filmifond\" \/>\n<meta property=\"article:modified_time\" content=\"2021-05-05T22:09:03+00:00\" \/>\n<meta name=\"twitter:card\" content=\"summary_large_image\" \/>\n<meta name=\"twitter:label1\" content=\"Est. reading time\" \/>\n\t<meta name=\"twitter:data1\" content=\"1 minute\" \/>\n<script type=\"application\/ld+json\" class=\"yoast-schema-graph\">{\"@context\":\"https:\/\/schema.org\",\"@graph\":[{\"@type\":\"WebPage\",\"@id\":\"https:\/\/vff.ee\/dev\/klipid\/\",\"url\":\"https:\/\/vff.ee\/dev\/klipid\/\",\"name\":\"Klipid - Viru Filmifond\",\"isPartOf\":{\"@id\":\"https:\/\/vff.ee\/dev\/#website\"},\"datePublished\":\"2021-05-05T19:34:59+00:00\",\"dateModified\":\"2021-05-05T22:09:03+00:00\",\"breadcrumb\":{\"@id\":\"https:\/\/vff.ee\/dev\/klipid\/#breadcrumb\"},\"inLanguage\":\"en\",\"potentialAction\":[{\"@type\":\"ReadAction\",\"target\":[\"https:\/\/vff.ee\/dev\/klipid\/\"]}]},{\"@type\":\"BreadcrumbList\",\"@id\":\"https:\/\/vff.ee\/dev\/klipid\/#breadcrumb\",\"itemListElement\":[{\"@type\":\"ListItem\",\"position\":1,\"name\":\"Home\",\"item\":\"https:\/\/vff.ee\/dev\/\"},{\"@type\":\"ListItem\",\"position\":2,\"name\":\"Klipid\"}]},{\"@type\":\"WebSite\",\"@id\":\"https:\/\/vff.ee\/dev\/#website\",\"url\":\"https:\/\/vff.ee\/dev\/\",\"name\":\"Viru Filmifond\",\"description\":\"Viru Film Fund\",\"publisher\":{\"@id\":\"https:\/\/vff.ee\/dev\/#organization\"},\"potentialAction\":[{\"@type\":\"SearchAction\",\"target\":{\"@type\":\"EntryPoint\",\"urlTemplate\":\"https:\/\/vff.ee\/dev\/?s={search_term_string}\"},\"query-input\":\"required name=search_term_string\"}],\"inLanguage\":\"en\"},{\"@type\":\"Organization\",\"@id\":\"https:\/\/vff.ee\/dev\/#organization\",\"name\":\"Viru filmifond\",\"url\":\"https:\/\/vff.ee\/dev\/\",\"logo\":{\"@type\":\"ImageObject\",\"inLanguage\":\"en\",\"@id\":\"https:\/\/vff.ee\/dev\/#\/schema\/logo\/image\/\",\"url\":\"https:\/\/vff.ee\/dev\/wp-content\/uploads\/2019\/03\/vff_gm_ee.svg\",\"contentUrl\":\"https:\/\/vff.ee\/dev\/wp-content\/uploads\/2019\/03\/vff_gm_ee.svg\",\"width\":1,\"height\":1,\"caption\":\"Viru filmifond\"},\"image\":{\"@id\":\"https:\/\/vff.ee\/dev\/#\/schema\/logo\/image\/\"}}]}<\/script>\n<!-- \/ Yoast SEO plugin. -->","yoast_head_json":{"title":"Klipid - Viru Filmifond","robots":{"index":"index","follow":"follow","max-snippet":"max-snippet:-1","max-image-preview":"max-image-preview:large","max-video-preview":"max-video-preview:-1"},"canonical":"https:\/\/vff.ee\/dev\/klipid\/","og_locale":"en_US","og_type":"article","og_title":"Klipid - Viru Filmifond","og_description":"[vc_row][vc_column][vc_empty_space height=&#8221;60px&#8221;][vc_column_text][ps2id id=&#8217;idas&#8217; target=&#8221;\/][\/vc_column_text][\/vc_column][\/vc_row][vc_row][vc_column width=&#8221;1\/4&#8243;][vc_custom_heading text=&#8221;V\u00f5ttepaigad&#8221; font_container=&#8221;tag:h2|text_align:right&#8221; google_fonts=&#8221;font_family:Roboto%20Condensed%3A300%2C300italic%2Cregular%2Citalic%2C700%2C700italic|font_style:700%20bold%20regular%3A700%3Anormal&#8221; el_id=&#8221;suurelt&#8221; link=&#8221;url:https%3A%2F%2Fvff.ee%2Fkohad%2F%23idas|||&#8221;][vc_column_text] Ida-Virumaal on filmimiseks pakkuda nii 20.sajandi t\u00f6\u00f6stusmaastikud kui puutumatud p\u00f5lismetsad ja sood, nii N\u00f5ukogude Venemaa arhitektuurip\u00e4rand kui vanad kirikud ja m\u00f5isad. Et tervelt kaks kolmandikku maakonnast on \u00fcmbritsetud veepiiriga, siis leiad siit kilomeetrite kaupa ka kiviseid, mudaseid ja liivaseid rannamaastikke. [\/vc_column_text][\/vc_column][vc_column width=&#8221;3\/4&#8243;][vc_row_inner][vc_column_inner][vc_video link=&#8221;https:\/\/youtu.be\/rHfL-bbyGUI&#8221;][\/vc_column_inner][\/vc_row_inner][vc_row_inner][vc_column_inner width=&#8221;1\/2&#8243;][vc_video link=&#8221;https:\/\/youtu.be\/i3iGW_1UPrE&#8221; [&hellip;]","og_url":"https:\/\/vff.ee\/dev\/klipid\/","og_site_name":"Viru Filmifond","article_modified_time":"2021-05-05T22:09:03+00:00","twitter_card":"summary_large_image","twitter_misc":{"Est. reading time":"1 minute"},"schema":{"@context":"https:\/\/schema.org","@graph":[{"@type":"WebPage","@id":"https:\/\/vff.ee\/dev\/klipid\/","url":"https:\/\/vff.ee\/dev\/klipid\/","name":"Klipid - Viru Filmifond","isPartOf":{"@id":"https:\/\/vff.ee\/dev\/#website"},"datePublished":"2021-05-05T19:34:59+00:00","dateModified":"2021-05-05T22:09:03+00:00","breadcrumb":{"@id":"https:\/\/vff.ee\/dev\/klipid\/#breadcrumb"},"inLanguage":"en","potentialAction":[{"@type":"ReadAction","target":["https:\/\/vff.ee\/dev\/klipid\/"]}]},{"@type":"BreadcrumbList","@id":"https:\/\/vff.ee\/dev\/klipid\/#breadcrumb","itemListElement":[{"@type":"ListItem","position":1,"name":"Home","item":"https:\/\/vff.ee\/dev\/"},{"@type":"ListItem","position":2,"name":"Klipid"}]},{"@type":"WebSite","@id":"https:\/\/vff.ee\/dev\/#website","url":"https:\/\/vff.ee\/dev\/","name":"Viru Filmifond","description":"Viru Film Fund","publisher":{"@id":"https:\/\/vff.ee\/dev\/#organization"},"potentialAction":[{"@type":"SearchAction","target":{"@type":"EntryPoint","urlTemplate":"https:\/\/vff.ee\/dev\/?s={search_term_string}"},"query-input":"required name=search_term_string"}],"inLanguage":"en"},{"@type":"Organization","@id":"https:\/\/vff.ee\/dev\/#organization","name":"Viru filmifond","url":"https:\/\/vff.ee\/dev\/","logo":{"@type":"ImageObject","inLanguage":"en","@id":"https:\/\/vff.ee\/dev\/#\/schema\/logo\/image\/","url":"https:\/\/vff.ee\/dev\/wp-content\/uploads\/2019\/03\/vff_gm_ee.svg","contentUrl":"https:\/\/vff.ee\/dev\/wp-content\/uploads\/2019\/03\/vff_gm_ee.svg","width":1,"height":1,"caption":"Viru filmifond"},"image":{"@id":"https:\/\/vff.ee\/dev\/#\/schema\/logo\/image\/"}}]}},"_links":{"self":[{"href":"https:\/\/vff.ee\/dev\/wp-json\/wp\/v2\/pages\/4193","targetHints":{"allow":["GET"]}}],"collection":[{"href":"https:\/\/vff.ee\/dev\/wp-json\/wp\/v2\/pages"}],"about":[{"href":"https:\/\/vff.ee\/dev\/wp-json\/wp\/v2\/types\/page"}],"author":[{"embeddable":true,"href":"https:\/\/vff.ee\/dev\/wp-json\/wp\/v2\/users\/1"}],"replies":[{"embeddable":true,"href":"https:\/\/vff.ee\/dev\/wp-json\/wp\/v2\/comments?post=4193"}],"version-history":[{"count":10,"href":"https:\/\/vff.ee\/dev\/wp-json\/wp\/v2\/pages\/4193\/revisions"}],"predecessor-version":[{"id":4208,"href":"https:\/\/vff.ee\/dev\/wp-json\/wp\/v2\/pages\/4193\/revisions\/4208"}],"wp:attachment":[{"href":"https:\/\/vff.ee\/dev\/wp-json\/wp\/v2\/media?parent=4193"}],"wp:term":[{"taxonomy":"category","embeddable":true,"href":"https:\/\/vff.ee\/dev\/wp-json\/wp\/v2\/categories?post=4193"},{"taxonomy":"post_tag","embeddable":true,"href":"https:\/\/vff.ee\/dev\/wp-json\/wp\/v2\/tags?post=4193"}],"curies":[{"name":"wp","href":"https:\/\/api.w.org\/{rel}","templated":true}]}}